{"id":990105207,"date":"2020-05-04T22:23:18","date_gmt":"2020-05-04T20:23:18","guid":{"rendered":"https:\/\/urbanhike.fr\/?page_id=990105207"},"modified":"2024-11-19T19:18:46","modified_gmt":"2024-11-19T18:18:46","slug":"mentions-legales","status":"publish","type":"page","link":"https:\/\/urbanhike.fr\/en\/mentions-legales\/","title":{"rendered":"Mentions L\u00e9gales &#8211; Urban Hike, les randonn\u00e9es urbaines"},"content":{"rendered":"<p>{\u00ab\u00a0main-title\u00a0\u00bb:{\u00ab\u00a0component\u00a0\u00bb:\u00a0\u00bbhc_title\u00a0\u00bb,\u00a0\u00bbid\u00a0\u00bb:\u00a0\u00bbmain-title\u00a0\u00bb,\u00a0\u00bbtitle\u00a0\u00bb:\u00a0\u00bb\u00a0\u00bb,\u00a0\u00bbsubtitle\u00a0\u00bb:\u00a0\u00bbMarseille Marseilles rando randonn\u00e9e urbaine tour walking hike teambuilding s\u00e9minaire groupe priv\u00e9 sightseeing calanques city pro entreprise coh\u00e9sion \u00e9quipe culture insight\u00a0\u00bb,\u00a0\u00bbtitle_content\u00a0\u00bb:{\u00ab\u00a0component\u00a0\u00bb:\u00a0\u00bbhc_title_empty\u00a0\u00bb,\u00a0\u00bbid\u00a0\u00bb:\u00a0\u00bbtitle-empty\u00a0\u00bb}},\u00a0\u00bbsection_5ZtkF\u00a0\u00bb:{\u00ab\u00a0component\u00a0\u00bb:\u00a0\u00bbhc_section\u00a0\u00bb,\u00a0\u00bbid\u00a0\u00bb:\u00a0\u00bbsection_5ZtkF\u00a0\u00bb,\u00a0\u00bbsection_width\u00a0\u00bb:\u00a0\u00bb\u00a0\u00bb,\u00a0\u00bbanimation\u00a0\u00bb:\u00a0\u00bbfade-top\u00a0\u00bb,\u00a0\u00bbanimation_time\u00a0\u00bb:\u00a0\u00bb1500&Prime;,\u00a0\u00bbtimeline_animation\u00a0\u00bb:\u00a0\u00bbfalse\u00a0\u00bb,\u00a0\u00bbtimeline_delay\u00a0\u00bb:\u00a0\u00bb\u00a0\u00bb,\u00a0\u00bbtimeline_order\u00a0\u00bb:\u00a0\u00bb\u00a0\u00bb,\u00a0\u00bbvertical_row\u00a0\u00bb:\u00a0\u00bbtrue\u00a0\u00bb,\u00a0\u00bbcss_classes\u00a0\u00bb:\u00a0\u00bb\u00a0\u00bb,\u00a0\u00bbcustom_css_classes\u00a0\u00bb:\u00a0\u00bb\u00a0\u00bb,\u00a0\u00bbcustom_css_styles\u00a0\u00bb:\u00a0\u00bb\u00a0\u00bb,\u00a0\u00bbsection_content\u00a0\u00bb:[{\u00ab\u00a0component\u00a0\u00bb:\u00a0\u00bbhc_column\u00a0\u00bb,\u00a0\u00bbid\u00a0\u00bb:\u00a0\u00bbcolumn_NjFpF\u00a0\u00bb,\u00a0\u00bbcolumn_width\u00a0\u00bb:\u00a0\u00bbcol-md-12&Prime;,\u00a0\u00bbanimation\u00a0\u00bb:\u00a0\u00bb\u00a0\u00bb,\u00a0\u00bbanimation_time\u00a0\u00bb:\u00a0\u00bb\u00a0\u00bb,\u00a0\u00bbtimeline_animation\u00a0\u00bb:\u00a0\u00bb\u00a0\u00bb,\u00a0\u00bbtimeline_delay\u00a0\u00bb:\u00a0\u00bb\u00a0\u00bb,\u00a0\u00bbtimeline_order\u00a0\u00bb:\u00a0\u00bb\u00a0\u00bb,\u00a0\u00bbcss_classes\u00a0\u00bb:\u00a0\u00bbalign-center \u00ab\u00a0,\u00a0\u00bbcustom_css_classes\u00a0\u00bb:\u00a0\u00bb\u00a0\u00bb,\u00a0\u00bbcustom_css_styles\u00a0\u00bb:\u00a0\u00bb\u00a0\u00bb,\u00a0\u00bbmain_content\u00a0\u00bb:[{\u00ab\u00a0component\u00a0\u00bb:\u00a0\u00bbhc_space\u00a0\u00bb,\u00a0\u00bbid\u00a0\u00bb:\u00a0\u00bbiPeiZ\u00a0\u00bb,\u00a0\u00bbcss_classes\u00a0\u00bb:\u00a0\u00bb\u00a0\u00bb,\u00a0\u00bbcustom_css_classes\u00a0\u00bb:\u00a0\u00bb\u00a0\u00bb,\u00a0\u00bbcustom_css_styles\u00a0\u00bb:\u00a0\u00bb\u00a0\u00bb,\u00a0\u00bbsize\u00a0\u00bb:\u00a0\u00bbspace\u00a0\u00bb,\u00a0\u00bbheight\u00a0\u00bb:\u00a0\u00bb\u00a0\u00bb},{\u00ab\u00a0component\u00a0\u00bb:\u00a0\u00bbhc_space\u00a0\u00bb,\u00a0\u00bbid\u00a0\u00bb:\u00a0\u00bbMZH5r\u00a0\u00bb,\u00a0\u00bbcss_classes\u00a0\u00bb:\u00a0\u00bbhidden-xs hidden-sm hidden-md hidden-lg \u00ab\u00a0,\u00a0\u00bbcustom_css_classes\u00a0\u00bb:\u00a0\u00bb\u00a0\u00bb,\u00a0\u00bbcustom_css_styles\u00a0\u00bb:\u00a0\u00bb\u00a0\u00bb,\u00a0\u00bbsize\u00a0\u00bb:\u00a0\u00bbspace-sm\u00a0\u00bb,\u00a0\u00bbheight\u00a0\u00bb:\u00a0\u00bb\u00a0\u00bb},{\u00ab\u00a0component\u00a0\u00bb:\u00a0\u00bbhc_subtitle\u00a0\u00bb,\u00a0\u00bbid\u00a0\u00bb:\u00a0\u00bbGa0VM\u00a0\u00bb,\u00a0\u00bbcss_classes\u00a0\u00bb:\u00a0\u00bb\u00a0\u00bb,\u00a0\u00bbcustom_css_classes\u00a0\u00bb:\u00a0\u00bb\u00a0\u00bb,\u00a0\u00bbcustom_css_styles\u00a0\u00bb:\u00a0\u00bb\u00a0\u00bb,\u00a0\u00bbtitle\u00a0\u00bb:\u00a0\u00bb<font color=\"\\\"white\\\"\">Legal informations<\/font>\u00ab\u00a0,\u00a0\u00bbsubtitle\u00a0\u00bb:\u00a0\u00bb<font color=\"\\\"white\\\"\"><font size=\"\\\"4\\\"\">Urban Hike &#8211; Les Randonn\u00e9es Urbaines<\/font><\/font>\u00ab\u00a0,\u00a0\u00bbalignment\u00a0\u00bb:\u00a0\u00bbalign-center\u00a0\u00bb},{\u00ab\u00a0component\u00a0\u00bb:\u00a0\u00bbhc_space\u00a0\u00bb,\u00a0\u00bbid\u00a0\u00bb:\u00a0\u00bbn1pxW\u00a0\u00bb,\u00a0\u00bbcss_classes\u00a0\u00bb:\u00a0\u00bbhidden-xs hidden-sm hidden-md hidden-lg \u00ab\u00a0,\u00a0\u00bbcustom_css_classes\u00a0\u00bb:\u00a0\u00bb\u00a0\u00bb,\u00a0\u00bbcustom_css_styles\u00a0\u00bb:\u00a0\u00bb\u00a0\u00bb,\u00a0\u00bbsize\u00a0\u00bb:\u00a0\u00bbspace-sm\u00a0\u00bb,\u00a0\u00bbheight\u00a0\u00bb:\u00a0\u00bb\u00a0\u00bb},{\u00ab\u00a0component\u00a0\u00bb:\u00a0\u00bbhc_column\u00a0\u00bb,\u00a0\u00bbid\u00a0\u00bb:\u00a0\u00bbimHZp\u00a0\u00bb,\u00a0\u00bbcolumn_width\u00a0\u00bb:\u00a0\u00bbcol-md-12&Prime;,\u00a0\u00bbanimation\u00a0\u00bb:\u00a0\u00bbfade-bottom\u00a0\u00bb,\u00a0\u00bbanimation_time\u00a0\u00bb:\u00a0\u00bb1000&Prime;,\u00a0\u00bbtimeline_animation\u00a0\u00bb:\u00a0\u00bbfalse\u00a0\u00bb,\u00a0\u00bbtimeline_delay\u00a0\u00bb:\u00a0\u00bb\u00a0\u00bb,\u00a0\u00bbtimeline_order\u00a0\u00bb:\u00a0\u00bb\u00a0\u00bb,\u00a0\u00bbcss_classes\u00a0\u00bb:\u00a0\u00bbalign-center \u00ab\u00a0,\u00a0\u00bbcustom_css_classes\u00a0\u00bb:\u00a0\u00bb\u00a0\u00bb,\u00a0\u00bbcustom_css_styles\u00a0\u00bb:\u00a0\u00bb\u00a0\u00bb,\u00a0\u00bbmain_content\u00a0\u00bb:[{\u00ab\u00a0component\u00a0\u00bb:\u00a0\u00bbhc_text_block\u00a0\u00bb,\u00a0\u00bbid\u00a0\u00bb:\u00a0\u00bbryPR6&Prime;,\u00a0\u00bbcss_classes\u00a0\u00bb:\u00a0\u00bb\u00a0\u00bb,\u00a0\u00bbcustom_css_classes\u00a0\u00bb:\u00a0\u00bb\u00a0\u00bb,\u00a0\u00bbcustom_css_styles\u00a0\u00bb:\u00a0\u00bb\u00a0\u00bb,\u00a0\u00bbcontent\u00a0\u00bb:\u00a0\u00bb<font color=\"\\\"white\\\"\"><b>Olivier Duvallet, self-employed (French \"micro-entreprise\" legal status)<\/b>\\n6, avenue des Chutes Lavie, 13004 MARSEILLE, FR\\n+33 (0)7 62 53 15 46\\nolivier@urbanhike.fr\\nSIRET : 853 143 824 00011<\/font>\\n\\n\u00a0\u00bb}]}]}],\u00a0\u00bbsection_settings\u00a0\u00bb:{\u00ab\u00a0component\u00a0\u00bb:\u00a0\u00bbhc_section_image\u00a0\u00bb,\u00a0\u00bbid\u00a0\u00bb:\u00a0\u00bbsection-image\u00a0\u00bb,\u00a0\u00bbimage\u00a0\u00bb:\u00a0\u00bbhttps:\/\/urbanhike.fr\/wp-content\/uploads\/2022\/01\/Vieux-Port-Abbaye-Saint-Victor-urban-hike-randonnees-urbaines-de-marseille-Michel-Luong-1024&#215;683.jpg|927|1390|990108678&Prime;,\u00a0\u00bbfull_screen\u00a0\u00bb:false,\u00a0\u00bbfull_screen_height\u00a0\u00bb:\u00a0\u00bb\u00a0\u00bb,\u00a0\u00bbparallax\u00a0\u00bb:false,\u00a0\u00bbbleed\u00a0\u00bb:\u00a0\u00bb\u00a0\u00bb,\u00a0\u00bbken_burn\u00a0\u00bb:\u00a0\u00bb\u00a0\u00bb,\u00a0\u00bbbg_pos\u00a0\u00bb:\u00a0\u00bb\u00a0\u00bb}},\u00a0\u00bbsection_XSiyY\u00a0\u00bb:{\u00ab\u00a0component\u00a0\u00bb:\u00a0\u00bbhc_section\u00a0\u00bb,\u00a0\u00bbid\u00a0\u00bb:\u00a0\u00bbsection_XSiyY\u00a0\u00bb,\u00a0\u00bbsection_width\u00a0\u00bb:\u00a0\u00bb\u00a0\u00bb,\u00a0\u00bbanimation\u00a0\u00bb:\u00a0\u00bbfade-top\u00a0\u00bb,\u00a0\u00bbanimation_time\u00a0\u00bb:\u00a0\u00bb1500&Prime;,\u00a0\u00bbtimeline_animation\u00a0\u00bb:\u00a0\u00bbfalse\u00a0\u00bb,\u00a0\u00bbtimeline_delay\u00a0\u00bb:\u00a0\u00bb\u00a0\u00bb,\u00a0\u00bbtimeline_order\u00a0\u00bb:\u00a0\u00bb\u00a0\u00bb,\u00a0\u00bbvertical_row\u00a0\u00bb:\u00a0\u00bb\u00a0\u00bb,\u00a0\u00bbcss_classes\u00a0\u00bb:\u00a0\u00bbtext-normal \u00ab\u00a0,\u00a0\u00bbcustom_css_classes\u00a0\u00bb:\u00a0\u00bb\u00a0\u00bb,\u00a0\u00bbcustom_css_styles\u00a0\u00bb:\u00a0\u00bb\u00a0\u00bb,\u00a0\u00bbsection_content\u00a0\u00bb:[{\u00ab\u00a0component\u00a0\u00bb:\u00a0\u00bbhc_column\u00a0\u00bb,\u00a0\u00bbid\u00a0\u00bb:\u00a0\u00bbXA6f9&Prime;,\u00a0\u00bbcolumn_width\u00a0\u00bb:\u00a0\u00bbcol-md-12&Prime;,\u00a0\u00bbanimation\u00a0\u00bb:\u00a0\u00bb\u00a0\u00bb,\u00a0\u00bbanimation_time\u00a0\u00bb:\u00a0\u00bb\u00a0\u00bb,\u00a0\u00bbtimeline_animation\u00a0\u00bb:\u00a0\u00bb\u00a0\u00bb,\u00a0\u00bbtimeline_delay\u00a0\u00bb:\u00a0\u00bb\u00a0\u00bb,\u00a0\u00bbtimeline_order\u00a0\u00bb:\u00a0\u00bb\u00a0\u00bb,\u00a0\u00bbcss_classes\u00a0\u00bb:\u00a0\u00bb\u00a0\u00bb,\u00a0\u00bbcustom_css_classes\u00a0\u00bb:\u00a0\u00bb\u00a0\u00bb,\u00a0\u00bbcustom_css_styles\u00a0\u00bb:\u00a0\u00bb\u00a0\u00bb,\u00a0\u00bbmain_content\u00a0\u00bb:[{\u00ab\u00a0component\u00a0\u00bb:\u00a0\u00bbhc_text_block\u00a0\u00bb,\u00a0\u00bbid\u00a0\u00bb:\u00a0\u00bbA75jh\u00a0\u00bb,\u00a0\u00bbcss_classes\u00a0\u00bb:\u00a0\u00bbtext-normal \u00ab\u00a0,\u00a0\u00bbcustom_css_classes\u00a0\u00bb:\u00a0\u00bb\u00a0\u00bb,\u00a0\u00bbcustom_css_styles\u00a0\u00bb:\u00a0\u00bb\u00a0\u00bb,\u00a0\u00bbcontent\u00a0\u00bb:\u00a0\u00bb<b>Security certificates<\/b>\\nCe site internet et les noms de domaine sus-cit\u00e9s sont prot\u00e9g\u00e9s par un certificat SSL de la soci\u00e9t\u00e9 Let&rsquo;s Encrypt garantissant une connexion et des achats s\u00e9curis\u00e9s.\\nLa billetterie int\u00e9gr\u00e9e \u00e0 ce site internet et g\u00e9r\u00e9e par l&rsquo;entreprise Billetweb est prot\u00e9g\u00e9e par un certificat SSL de la soci\u00e9t\u00e9 Cloudflare, Inc., garantissant des achats s\u00e9curis\u00e9s et la confidentialit\u00e9 des informations bancaires. Rendez-vous sur cette page pour plus d&rsquo;informations : https:\/\/www.billetweb.fr\/fr\/legal\\nL&rsquo;ensemble des pages, iframes, widgets, plug-ins et liens utilis\u00e9s sur ce site internet sont chiffr\u00e9s avant d&rsquo;\u00eatres envoy\u00e9s sur internet.\\n\\n\u2014\u2014\u2014\u2014\u2014\u2014\u2014\u2014\u2014\u2014\u2014\u2014\u2014\u2014\u2014\u2014\u2014\u2014\u2014\u2014\u2014\u2014\\n\\n<b>Website<\/b>\\nCe site internet et les noms de domaines urbanhike.fr, rando-urbaine.fr, urbanhike.fr\/marseille et rando-urbaine\/marseille <\/br>sont la propri\u00e9t\u00e9 de Olivier Duvallet et sont h\u00e9berg\u00e9s par la SAS GANDI (www.gandi.net)\\nCe site internet collecte des cookies afin d&rsquo;am\u00e9liorer son fonctionnement, mais ne collecte pas de donn\u00e9es personnelles sur ses utilisateurs. Pour en savoir plus, rendez vous sur cette page : https:\/\/urbanhike.fr\/politique-de-cookies-eu\/\\nLes logos, les photos, les textes, les sch\u00e9mas et les plans descriptifs des prestations propos\u00e9es sont la propri\u00e9t\u00e9 de Olivier Duvallet et de la marque Urban Hike. Toute reproduction ainsi que toute r\u00e9utilisation partielle ou totale de ce contenu sont strictement interdites.\\n\\n\u2014\u2014\u2014\u2014\u2014\u2014\u2014\u2014\u2014\u2014\u2014\u2014\u2014\u2014\u2014\u2014\u2014\u2014\u2014\u2014\u2014\u2014\\n\\n<b>Brand<\/b>\\nLa marque Urban Hike est une marque d\u00e9pos\u00e9e aupr\u00e8s de l&rsquo;Institut National de la Propri\u00e9t\u00e9 Intellectuelle (INPI) sous le Num\u00e9ro National 21 4 732 945. De ce fait, la marque Urban Hike ne peut \u00eatre utilis\u00e9e sur le territoire fran\u00e7ais sans l&rsquo;autorisation pr\u00e9alable de son d\u00e9posant : Olivier DUVALLET.\\n\\n\u2014\u2014\u2014\u2014\u2014\u2014\u2014\u2014\u2014\u2014\u2014\u2014\u2014\u2014\u2014\u2014\u2014\u2014\u2014\u2014\u2014\u2014\\n\\n<b>Insurances<\/b>\\nLes \u00e9ventuels d\u00e9g\u00e2ts mat\u00e9riels et immat\u00e9riels pouvant \u00eatre subis par les collaborateurs et les clients de Urban Hike sont couverts par une assurance Responsabilit\u00e9 Civile Professionnelle et une assurance Responsabilit\u00e9 Civile Exploitation et Employeur contract\u00e9e aupr\u00e8s de :\\nHiscox Assurances sous le contrat num\u00e9ro HSXPM310025510. \\nPour plus de renseignements, n&rsquo;h\u00e9sitez pas \u00e0 nous contacter sur cette page : https:\/\/urbanhike.fr\/contacts\/\\n\u00a0\u00bb}]}],\u00a0\u00bbsection_settings\u00a0\u00bb:{\u00ab\u00a0component\u00a0\u00bb:\u00a0\u00bbhc_section_image\u00a0\u00bb,\u00a0\u00bbid\u00a0\u00bb:\u00a0\u00bbsection-image\u00a0\u00bb,\u00a0\u00bbimage\u00a0\u00bb:\u00a0\u00bb\u00a0\u00bb,\u00a0\u00bbfull_screen\u00a0\u00bb:false,\u00a0\u00bbfull_screen_height\u00a0\u00bb:\u00a0\u00bb\u00a0\u00bb,\u00a0\u00bbparallax\u00a0\u00bb:false,\u00a0\u00bbbleed\u00a0\u00bb:\u00a0\u00bb\u00a0\u00bb,\u00a0\u00bbken_burn\u00a0\u00bb:\u00a0\u00bb\u00a0\u00bb,\u00a0\u00bbbg_pos\u00a0\u00bb:\u00a0\u00bb\u00a0\u00bb}},\u00a0\u00bbscripts\u00a0\u00bb:{},\u00a0\u00bbcss\u00a0\u00bb:{},\u00a0\u00bbcss_page\u00a0\u00bb:\u00a0\u00bb\u00a0\u00bb,\u00a0\u00bbtemplate_setting\u00a0\u00bb:{},\u00a0\u00bbtemplate_setting_top\u00a0\u00bb:{},\u00a0\u00bbpage_setting\u00a0\u00bb:{\u00ab\u00a0settings\u00a0\u00bb:[\u00ab\u00a0lock-mode-off\u00a0\u00bb]}}<\/p>","protected":false},"excerpt":{"rendered":"<p>Visiter Marseille \u00e0 pied, autrement. Comprendre sa vie, apprendre sa culture, contempler ses beaut\u00e9s. Guide public, priv\u00e9, groupes pros.<\/p>","protected":false},"author":1,"featured_media":990110416,"parent":0,"menu_order":0,"comment_status":"closed","ping_status":"closed","template":"","meta":{"footnotes":""},"class_list":["post-990105207","page","type-page","status-publish","has-post-thumbnail","hentry"],"yoast_head":"<!-- This site is optimized with the Yoast SEO plugin v26.0 - https:\/\/yoast.com\/wordpress\/plugins\/seo\/ -->\n<title>Les Randonn\u00e9es Urbaines de Marseille - mentions l\u00e9gales<\/title>\n<meta name=\"description\" content=\"Visiter Marseille \u00e0 pied, autrement. Comprendre sa vie, apprendre sa culture, contempler ses beaut\u00e9s. Guide public, priv\u00e9, groupes pros.\" \/>\n<meta name=\"robots\" content=\"index, follow, max-snippet:-1, max-image-preview:large, max-video-preview:-1\" \/>\n<link rel=\"canonical\" href=\"https:\/\/urbanhike.fr\/en\/mentions-legales\/\" \/>\n<meta property=\"og:locale\" content=\"en_GB\" \/>\n<meta property=\"og:type\" content=\"article\" \/>\n<meta property=\"og:title\" content=\"Les Randonn\u00e9es Urbaines de Marseille - mentions l\u00e9gales\" \/>\n<meta property=\"og:description\" content=\"Visiter Marseille \u00e0 pied, autrement. Comprendre sa vie, apprendre sa culture, contempler ses beaut\u00e9s. Guide public, priv\u00e9, groupes pros.\" \/>\n<meta property=\"og:url\" content=\"https:\/\/urbanhike.fr\/en\/mentions-legales\/\" \/>\n<meta property=\"og:site_name\" content=\"Urban Hike\" \/>\n<meta property=\"article:publisher\" content=\"https:\/\/www.facebook.com\/UrbanHikeFrance\" \/>\n<meta property=\"article:modified_time\" content=\"2024-11-19T18:18:46+00:00\" \/>\n<meta property=\"og:image\" content=\"https:\/\/urbanhike.fr\/wp-content\/uploads\/2024\/11\/Logo-2024-blanc-et-image-de-fond-2024-scaled.jpg\" \/>\n\t<meta property=\"og:image:width\" content=\"2560\" \/>\n\t<meta property=\"og:image:height\" content=\"1955\" \/>\n\t<meta property=\"og:image:type\" content=\"image\/jpeg\" \/>\n<meta name=\"twitter:card\" content=\"summary_large_image\" \/>\n<meta name=\"twitter:label1\" content=\"Estimated reading time\" \/>\n\t<meta name=\"twitter:data1\" content=\"3 minutes\" \/>\n<script type=\"application\/ld+json\" class=\"yoast-schema-graph\">{\"@context\":\"https:\/\/schema.org\",\"@graph\":[{\"@type\":\"WebPage\",\"@id\":\"https:\/\/urbanhike.fr\/mentions-legales\/\",\"url\":\"https:\/\/urbanhike.fr\/mentions-legales\/\",\"name\":\"Les Randonn\u00e9es Urbaines de Marseille - mentions l\u00e9gales\",\"isPartOf\":{\"@id\":\"https:\/\/urbanhike.fr\/#website\"},\"primaryImageOfPage\":{\"@id\":\"https:\/\/urbanhike.fr\/mentions-legales\/#primaryimage\"},\"image\":{\"@id\":\"https:\/\/urbanhike.fr\/mentions-legales\/#primaryimage\"},\"thumbnailUrl\":\"https:\/\/urbanhike.fr\/wp-content\/uploads\/2024\/11\/Logo-2024-blanc-et-image-de-fond-2024-scaled.jpg\",\"datePublished\":\"2020-05-04T20:23:18+00:00\",\"dateModified\":\"2024-11-19T18:18:46+00:00\",\"description\":\"Visiter Marseille \u00e0 pied, autrement. Comprendre sa vie, apprendre sa culture, contempler ses beaut\u00e9s. Guide public, priv\u00e9, groupes pros.\",\"breadcrumb\":{\"@id\":\"https:\/\/urbanhike.fr\/mentions-legales\/#breadcrumb\"},\"inLanguage\":\"en-GB\",\"potentialAction\":[{\"@type\":\"ReadAction\",\"target\":[\"https:\/\/urbanhike.fr\/mentions-legales\/\"]}]},{\"@type\":\"ImageObject\",\"inLanguage\":\"en-GB\",\"@id\":\"https:\/\/urbanhike.fr\/mentions-legales\/#primaryimage\",\"url\":\"https:\/\/urbanhike.fr\/wp-content\/uploads\/2024\/11\/Logo-2024-blanc-et-image-de-fond-2024-scaled.jpg\",\"contentUrl\":\"https:\/\/urbanhike.fr\/wp-content\/uploads\/2024\/11\/Logo-2024-blanc-et-image-de-fond-2024-scaled.jpg\",\"width\":2560,\"height\":1955},{\"@type\":\"BreadcrumbList\",\"@id\":\"https:\/\/urbanhike.fr\/mentions-legales\/#breadcrumb\",\"itemListElement\":[{\"@type\":\"ListItem\",\"position\":1,\"name\":\"Accueil\",\"item\":\"https:\/\/urbanhike.fr\/\"},{\"@type\":\"ListItem\",\"position\":2,\"name\":\"Mentions L\u00e9gales &#8211; Urban Hike, les randonn\u00e9es urbaines\"}]},{\"@type\":\"WebSite\",\"@id\":\"https:\/\/urbanhike.fr\/#website\",\"url\":\"https:\/\/urbanhike.fr\/\",\"name\":\"Urban Hike\",\"description\":\"Les Randonn\u00e9es Urbaines de Marseille\",\"publisher\":{\"@id\":\"https:\/\/urbanhike.fr\/#organization\"},\"potentialAction\":[{\"@type\":\"SearchAction\",\"target\":{\"@type\":\"EntryPoint\",\"urlTemplate\":\"https:\/\/urbanhike.fr\/?s={search_term_string}\"},\"query-input\":{\"@type\":\"PropertyValueSpecification\",\"valueRequired\":true,\"valueName\":\"search_term_string\"}}],\"inLanguage\":\"en-GB\"},{\"@type\":\"Organization\",\"@id\":\"https:\/\/urbanhike.fr\/#organization\",\"name\":\"Urban Hike\",\"url\":\"https:\/\/urbanhike.fr\/\",\"logo\":{\"@type\":\"ImageObject\",\"inLanguage\":\"en-GB\",\"@id\":\"https:\/\/urbanhike.fr\/#\/schema\/logo\/image\/\",\"url\":\"https:\/\/i0.wp.com\/urbanhike.fr\/wp-content\/uploads\/2020\/04\/Logo-2024-blanc-et-image-de-fond-centre-CARRE-COMPRESS.jpg?fit=2300%2C2300&ssl=1\",\"contentUrl\":\"https:\/\/i0.wp.com\/urbanhike.fr\/wp-content\/uploads\/2020\/04\/Logo-2024-blanc-et-image-de-fond-centre-CARRE-COMPRESS.jpg?fit=2300%2C2300&ssl=1\",\"width\":2300,\"height\":2300,\"caption\":\"Urban Hike\"},\"image\":{\"@id\":\"https:\/\/urbanhike.fr\/#\/schema\/logo\/image\/\"},\"sameAs\":[\"https:\/\/www.facebook.com\/UrbanHikeFrance\",\"https:\/\/www.instagram.com\/urbanhike_marseille\/\",\"https:\/\/www.linkedin.com\/in\/olivier-duvallet-39a80a91\/\"]}]}<\/script>\n<!-- \/ Yoast SEO plugin. -->","yoast_head_json":{"title":"Les Randonn\u00e9es Urbaines de Marseille - mentions l\u00e9gales","description":"Visiter Marseille \u00e0 pied, autrement. Comprendre sa vie, apprendre sa culture, contempler ses beaut\u00e9s. Guide public, priv\u00e9, groupes pros.","robots":{"index":"index","follow":"follow","max-snippet":"max-snippet:-1","max-image-preview":"max-image-preview:large","max-video-preview":"max-video-preview:-1"},"canonical":"https:\/\/urbanhike.fr\/en\/mentions-legales\/","og_locale":"en_GB","og_type":"article","og_title":"Les Randonn\u00e9es Urbaines de Marseille - mentions l\u00e9gales","og_description":"Visiter Marseille \u00e0 pied, autrement. Comprendre sa vie, apprendre sa culture, contempler ses beaut\u00e9s. Guide public, priv\u00e9, groupes pros.","og_url":"https:\/\/urbanhike.fr\/en\/mentions-legales\/","og_site_name":"Urban Hike","article_publisher":"https:\/\/www.facebook.com\/UrbanHikeFrance","article_modified_time":"2024-11-19T18:18:46+00:00","og_image":[{"width":2560,"height":1955,"url":"https:\/\/urbanhike.fr\/wp-content\/uploads\/2024\/11\/Logo-2024-blanc-et-image-de-fond-2024-scaled.jpg","type":"image\/jpeg"}],"twitter_card":"summary_large_image","twitter_misc":{"Estimated reading time":"3 minutes"},"schema":{"@context":"https:\/\/schema.org","@graph":[{"@type":"WebPage","@id":"https:\/\/urbanhike.fr\/mentions-legales\/","url":"https:\/\/urbanhike.fr\/mentions-legales\/","name":"Les Randonn\u00e9es Urbaines de Marseille - mentions l\u00e9gales","isPartOf":{"@id":"https:\/\/urbanhike.fr\/#website"},"primaryImageOfPage":{"@id":"https:\/\/urbanhike.fr\/mentions-legales\/#primaryimage"},"image":{"@id":"https:\/\/urbanhike.fr\/mentions-legales\/#primaryimage"},"thumbnailUrl":"https:\/\/urbanhike.fr\/wp-content\/uploads\/2024\/11\/Logo-2024-blanc-et-image-de-fond-2024-scaled.jpg","datePublished":"2020-05-04T20:23:18+00:00","dateModified":"2024-11-19T18:18:46+00:00","description":"Visiter Marseille \u00e0 pied, autrement. Comprendre sa vie, apprendre sa culture, contempler ses beaut\u00e9s. Guide public, priv\u00e9, groupes pros.","breadcrumb":{"@id":"https:\/\/urbanhike.fr\/mentions-legales\/#breadcrumb"},"inLanguage":"en-GB","potentialAction":[{"@type":"ReadAction","target":["https:\/\/urbanhike.fr\/mentions-legales\/"]}]},{"@type":"ImageObject","inLanguage":"en-GB","@id":"https:\/\/urbanhike.fr\/mentions-legales\/#primaryimage","url":"https:\/\/urbanhike.fr\/wp-content\/uploads\/2024\/11\/Logo-2024-blanc-et-image-de-fond-2024-scaled.jpg","contentUrl":"https:\/\/urbanhike.fr\/wp-content\/uploads\/2024\/11\/Logo-2024-blanc-et-image-de-fond-2024-scaled.jpg","width":2560,"height":1955},{"@type":"BreadcrumbList","@id":"https:\/\/urbanhike.fr\/mentions-legales\/#breadcrumb","itemListElement":[{"@type":"ListItem","position":1,"name":"Accueil","item":"https:\/\/urbanhike.fr\/"},{"@type":"ListItem","position":2,"name":"Mentions L\u00e9gales &#8211; Urban Hike, les randonn\u00e9es urbaines"}]},{"@type":"WebSite","@id":"https:\/\/urbanhike.fr\/#website","url":"https:\/\/urbanhike.fr\/","name":"Urban Hike","description":"Les Randonn\u00e9es Urbaines de Marseille","publisher":{"@id":"https:\/\/urbanhike.fr\/#organization"},"potentialAction":[{"@type":"SearchAction","target":{"@type":"EntryPoint","urlTemplate":"https:\/\/urbanhike.fr\/?s={search_term_string}"},"query-input":{"@type":"PropertyValueSpecification","valueRequired":true,"valueName":"search_term_string"}}],"inLanguage":"en-GB"},{"@type":"Organization","@id":"https:\/\/urbanhike.fr\/#organization","name":"Urban Hike","url":"https:\/\/urbanhike.fr\/","logo":{"@type":"ImageObject","inLanguage":"en-GB","@id":"https:\/\/urbanhike.fr\/#\/schema\/logo\/image\/","url":"https:\/\/i0.wp.com\/urbanhike.fr\/wp-content\/uploads\/2020\/04\/Logo-2024-blanc-et-image-de-fond-centre-CARRE-COMPRESS.jpg?fit=2300%2C2300&ssl=1","contentUrl":"https:\/\/i0.wp.com\/urbanhike.fr\/wp-content\/uploads\/2020\/04\/Logo-2024-blanc-et-image-de-fond-centre-CARRE-COMPRESS.jpg?fit=2300%2C2300&ssl=1","width":2300,"height":2300,"caption":"Urban Hike"},"image":{"@id":"https:\/\/urbanhike.fr\/#\/schema\/logo\/image\/"},"sameAs":["https:\/\/www.facebook.com\/UrbanHikeFrance","https:\/\/www.instagram.com\/urbanhike_marseille\/","https:\/\/www.linkedin.com\/in\/olivier-duvallet-39a80a91\/"]}]}},"_links":{"self":[{"href":"https:\/\/urbanhike.fr\/en\/wp-json\/wp\/v2\/pages\/990105207","targetHints":{"allow":["GET"]}}],"collection":[{"href":"https:\/\/urbanhike.fr\/en\/wp-json\/wp\/v2\/pages"}],"about":[{"href":"https:\/\/urbanhike.fr\/en\/wp-json\/wp\/v2\/types\/page"}],"author":[{"embeddable":true,"href":"https:\/\/urbanhike.fr\/en\/wp-json\/wp\/v2\/users\/1"}],"replies":[{"embeddable":true,"href":"https:\/\/urbanhike.fr\/en\/wp-json\/wp\/v2\/comments?post=990105207"}],"version-history":[{"count":55,"href":"https:\/\/urbanhike.fr\/en\/wp-json\/wp\/v2\/pages\/990105207\/revisions"}],"predecessor-version":[{"id":990109853,"href":"https:\/\/urbanhike.fr\/en\/wp-json\/wp\/v2\/pages\/990105207\/revisions\/990109853"}],"wp:featuredmedia":[{"embeddable":true,"href":"https:\/\/urbanhike.fr\/en\/wp-json\/wp\/v2\/media\/990110416"}],"wp:attachment":[{"href":"https:\/\/urbanhike.fr\/en\/wp-json\/wp\/v2\/media?parent=990105207"}],"curies":[{"name":"wp","href":"https:\/\/api.w.org\/{rel}","templated":true}]}}