{"id":990107619,"date":"2021-01-02T23:40:22","date_gmt":"2021-01-02T22:40:22","guid":{"rendered":"https:\/\/urbanhike.fr\/?page_id=990107619"},"modified":"2024-11-19T19:19:01","modified_gmt":"2024-11-19T18:19:01","slug":"merci","status":"publish","type":"page","link":"https:\/\/urbanhike.fr\/en\/merci\/","title":{"rendered":"Merci &#8211; Urban Hike, les randonn\u00e9es urbaines"},"content":{"rendered":"<p>{\u00ab\u00a0main-title\u00a0\u00bb:{\u00ab\u00a0component\u00a0\u00bb:\u00a0\u00bbhc_title\u00a0\u00bb,\u00a0\u00bbid\u00a0\u00bb:\u00a0\u00bbmain-title\u00a0\u00bb,\u00a0\u00bbtitle\u00a0\u00bb:\u00a0\u00bb\u00a0\u00bb,\u00a0\u00bbsubtitle\u00a0\u00bb:\u00a0\u00bbsightseeing visite guid\u00e9e rando randonn\u00e9e urbaine urban hike balade ballade marche walk trek city Marseille Marseilles carte g\u00e9ographie histoire guide sport d\u00e9couverte discovery calanques tourism history geographie town planning mapping\u00a0\u00bb,\u00a0\u00bbtitle_content\u00a0\u00bb:{\u00ab\u00a0component\u00a0\u00bb:\u00a0\u00bbhc_title_empty\u00a0\u00bb,\u00a0\u00bbid\u00a0\u00bb:\u00a0\u00bbtitle-empty\u00a0\u00bb}},\u00a0\u00bbsection_8H9OY\u00a0\u00bb:{\u00ab\u00a0component\u00a0\u00bb:\u00a0\u00bbhc_section\u00a0\u00bb,\u00a0\u00bbid\u00a0\u00bb:\u00a0\u00bbsection_8H9OY\u00a0\u00bb,\u00a0\u00bbsection_width\u00a0\u00bb:\u00a0\u00bb\u00a0\u00bb,\u00a0\u00bbanimation\u00a0\u00bb:\u00a0\u00bb\u00a0\u00bb,\u00a0\u00bbanimation_time\u00a0\u00bb:\u00a0\u00bb1500&Prime;,\u00a0\u00bbtimeline_animation\u00a0\u00bb:\u00a0\u00bbfalse\u00a0\u00bb,\u00a0\u00bbtimeline_delay\u00a0\u00bb:\u00a0\u00bb\u00a0\u00bb,\u00a0\u00bbtimeline_order\u00a0\u00bb:\u00a0\u00bb\u00a0\u00bb,\u00a0\u00bbvertical_row\u00a0\u00bb:\u00a0\u00bb\u00a0\u00bb,\u00a0\u00bbcss_classes\u00a0\u00bb:\u00a0\u00bb\u00a0\u00bb,\u00a0\u00bbcustom_css_classes\u00a0\u00bb:\u00a0\u00bb\u00a0\u00bb,\u00a0\u00bbcustom_css_styles\u00a0\u00bb:\u00a0\u00bb\u00a0\u00bb,\u00a0\u00bbsection_content\u00a0\u00bb:[{\u00ab\u00a0component\u00a0\u00bb:\u00a0\u00bbhc_column\u00a0\u00bb,\u00a0\u00bbid\u00a0\u00bb:\u00a0\u00bbcolumn_xqA44&Prime;,\u00a0\u00bbcolumn_width\u00a0\u00bb:\u00a0\u00bbcol-md-12&Prime;,\u00a0\u00bbanimation\u00a0\u00bb:\u00a0\u00bb\u00a0\u00bb,\u00a0\u00bbanimation_time\u00a0\u00bb:\u00a0\u00bb\u00a0\u00bb,\u00a0\u00bbtimeline_animation\u00a0\u00bb:\u00a0\u00bbfalse\u00a0\u00bb,\u00a0\u00bbtimeline_delay\u00a0\u00bb:\u00a0\u00bb\u00a0\u00bb,\u00a0\u00bbtimeline_order\u00a0\u00bb:\u00a0\u00bb\u00a0\u00bb,\u00a0\u00bbcss_classes\u00a0\u00bb:\u00a0\u00bb\u00a0\u00bb,\u00a0\u00bbcustom_css_classes\u00a0\u00bb:\u00a0\u00bb\u00a0\u00bb,\u00a0\u00bbcustom_css_styles\u00a0\u00bb:\u00a0\u00bb\u00a0\u00bb,\u00a0\u00bbmain_content\u00a0\u00bb:[{\u00ab\u00a0component\u00a0\u00bb:\u00a0\u00bbhc_space\u00a0\u00bb,\u00a0\u00bbid\u00a0\u00bb:\u00a0\u00bbN2TaJ\u00a0\u00bb,\u00a0\u00bbcss_classes\u00a0\u00bb:\u00a0\u00bb\u00a0\u00bb,\u00a0\u00bbcustom_css_classes\u00a0\u00bb:\u00a0\u00bb\u00a0\u00bb,\u00a0\u00bbcustom_css_styles\u00a0\u00bb:\u00a0\u00bb\u00a0\u00bb,\u00a0\u00bbsize\u00a0\u00bb:\u00a0\u00bbspace\u00a0\u00bb,\u00a0\u00bbheight\u00a0\u00bb:\u00a0\u00bb\u00a0\u00bb},{\u00ab\u00a0component\u00a0\u00bb:\u00a0\u00bbhc_space\u00a0\u00bb,\u00a0\u00bbid\u00a0\u00bb:\u00a0\u00bbCYXno\u00a0\u00bb,\u00a0\u00bbcss_classes\u00a0\u00bb:\u00a0\u00bb\u00a0\u00bb,\u00a0\u00bbcustom_css_classes\u00a0\u00bb:\u00a0\u00bb\u00a0\u00bb,\u00a0\u00bbcustom_css_styles\u00a0\u00bb:\u00a0\u00bb\u00a0\u00bb,\u00a0\u00bbsize\u00a0\u00bb:\u00a0\u00bbspace-sm\u00a0\u00bb,\u00a0\u00bbheight\u00a0\u00bb:\u00a0\u00bb\u00a0\u00bb},{\u00ab\u00a0component\u00a0\u00bb:\u00a0\u00bbhc_title_tag\u00a0\u00bb,\u00a0\u00bbid\u00a0\u00bb:\u00a0\u00bbudj0H\u00a0\u00bb,\u00a0\u00bbcss_classes\u00a0\u00bb:\u00a0\u00bbalign-center justify-content-center \u00ab\u00a0,\u00a0\u00bbcustom_css_classes\u00a0\u00bb:\u00a0\u00bb\u00a0\u00bb,\u00a0\u00bbcustom_css_styles\u00a0\u00bb:\u00a0\u00bb\u00a0\u00bb,\u00a0\u00bbtext\u00a0\u00bb:\u00a0\u00bb<font color=\"\\\"white\\\"\">THANKS!<br \/><font size=\"\\\"5\\\"\">We are looking forward to meet you<\/font><\/font>\u00ab\u00a0,\u00a0\u00bbtag\u00a0\u00bb:\u00a0\u00bbh1&Prime;},{\u00ab\u00a0component\u00a0\u00bb:\u00a0\u00bbhc_subtitle\u00a0\u00bb,\u00a0\u00bbid\u00a0\u00bb:\u00a0\u00bbcHrsz\u00a0\u00bb,\u00a0\u00bbcss_classes\u00a0\u00bb:\u00a0\u00bbtext-normal \u00ab\u00a0,\u00a0\u00bbcustom_css_classes\u00a0\u00bb:\u00a0\u00bb\u00a0\u00bb,\u00a0\u00bbcustom_css_styles\u00a0\u00bb:\u00a0\u00bb\u00a0\u00bb,\u00a0\u00bbtitle\u00a0\u00bb:\u00a0\u00bb\u00a0\u00bb,\u00a0\u00bbsubtitle\u00a0\u00bb:\u00a0\u00bb<font color=\"\\\"white\\\"\"><font size=\"\\\"4\\\"\">You will now receive an email from Billetweb confirming your order<\/font><\/font>\u00ab\u00a0,\u00a0\u00bbalignment\u00a0\u00bb:\u00a0\u00bbalign-center\u00a0\u00bb},{\u00ab\u00a0component\u00a0\u00bb:\u00a0\u00bbhc_space\u00a0\u00bb,\u00a0\u00bbid\u00a0\u00bb:\u00a0\u00bb5ZtkF\u00a0\u00bb,\u00a0\u00bbcss_classes\u00a0\u00bb:\u00a0\u00bb\u00a0\u00bb,\u00a0\u00bbcustom_css_classes\u00a0\u00bb:\u00a0\u00bb\u00a0\u00bb,\u00a0\u00bbcustom_css_styles\u00a0\u00bb:\u00a0\u00bb\u00a0\u00bb,\u00a0\u00bbsize\u00a0\u00bb:\u00a0\u00bbspace-sm\u00a0\u00bb,\u00a0\u00bbheight\u00a0\u00bb:\u00a0\u00bb\u00a0\u00bb}]}],\u00a0\u00bbsection_settings\u00a0\u00bb:{\u00ab\u00a0component\u00a0\u00bb:\u00a0\u00bbhc_section_image\u00a0\u00bb,\u00a0\u00bbid\u00a0\u00bb:\u00a0\u00bbsection-image\u00a0\u00bb,\u00a0\u00bbimage\u00a0\u00bb:\u00a0\u00bbhttps:\/\/urbanhike.fr\/wp-content\/uploads\/2022\/03\/contact-1024&#215;528.jpg|731|1417|990108732&Prime;,\u00a0\u00bbfull_screen\u00a0\u00bb:false,\u00a0\u00bbfull_screen_height\u00a0\u00bb:\u00a0\u00bb\u00a0\u00bb,\u00a0\u00bbparallax\u00a0\u00bb:true,\u00a0\u00bbbleed\u00a0\u00bb:\u00a0\u00bb10&Prime;,\u00a0\u00bbken_burn\u00a0\u00bb:\u00a0\u00bbken-burn-center\u00a0\u00bb,\u00a0\u00bbbg_pos\u00a0\u00bb:\u00a0\u00bbbg-bottom\u00a0\u00bb}},\u00a0\u00bbsection_JhH51&Prime;:{\u00ab\u00a0component\u00a0\u00bb:\u00a0\u00bbhc_section\u00a0\u00bb,\u00a0\u00bbid\u00a0\u00bb:\u00a0\u00bbsection_JhH51&Prime;,\u00a0\u00bbsection_width\u00a0\u00bb:\u00a0\u00bb\u00a0\u00bb,\u00a0\u00bbanimation\u00a0\u00bb:\u00a0\u00bbfade-bottom\u00a0\u00bb,\u00a0\u00bbanimation_time\u00a0\u00bb:\u00a0\u00bb1500&Prime;,\u00a0\u00bbtimeline_animation\u00a0\u00bb:\u00a0\u00bbfalse\u00a0\u00bb,\u00a0\u00bbtimeline_delay\u00a0\u00bb:\u00a0\u00bb\u00a0\u00bb,\u00a0\u00bbtimeline_order\u00a0\u00bb:\u00a0\u00bb\u00a0\u00bb,\u00a0\u00bbvertical_row\u00a0\u00bb:\u00a0\u00bb\u00a0\u00bb,\u00a0\u00bbcss_classes\u00a0\u00bb:\u00a0\u00bb\u00a0\u00bb,\u00a0\u00bbcustom_css_classes\u00a0\u00bb:\u00a0\u00bb\u00a0\u00bb,\u00a0\u00bbcustom_css_styles\u00a0\u00bb:\u00a0\u00bb\u00a0\u00bb,\u00a0\u00bbsection_content\u00a0\u00bb:[{\u00ab\u00a0component\u00a0\u00bb:\u00a0\u00bbhc_column\u00a0\u00bb,\u00a0\u00bbid\u00a0\u00bb:\u00a0\u00bb0Fjhr\u00a0\u00bb,\u00a0\u00bbcolumn_width\u00a0\u00bb:\u00a0\u00bbcol-md-12&Prime;,\u00a0\u00bbanimation\u00a0\u00bb:\u00a0\u00bb\u00a0\u00bb,\u00a0\u00bbanimation_time\u00a0\u00bb:\u00a0\u00bb\u00a0\u00bb,\u00a0\u00bbtimeline_animation\u00a0\u00bb:\u00a0\u00bb\u00a0\u00bb,\u00a0\u00bbtimeline_delay\u00a0\u00bb:\u00a0\u00bb\u00a0\u00bb,\u00a0\u00bbtimeline_order\u00a0\u00bb:\u00a0\u00bb\u00a0\u00bb,\u00a0\u00bbcss_classes\u00a0\u00bb:\u00a0\u00bb\u00a0\u00bb,\u00a0\u00bbcustom_css_classes\u00a0\u00bb:\u00a0\u00bb\u00a0\u00bb,\u00a0\u00bbcustom_css_styles\u00a0\u00bb:\u00a0\u00bb\u00a0\u00bb,\u00a0\u00bbmain_content\u00a0\u00bb:[{\u00ab\u00a0component\u00a0\u00bb:\u00a0\u00bbhc_grid_list\u00a0\u00bb,\u00a0\u00bbid\u00a0\u00bb:\u00a0\u00bbACbPw\u00a0\u00bb,\u00a0\u00bbcss_classes\u00a0\u00bb:\u00a0\u00bbalign-center text-light \u00ab\u00a0,\u00a0\u00bbcustom_css_classes\u00a0\u00bb:\u00a0\u00bb\u00a0\u00bb,\u00a0\u00bbcustom_css_styles\u00a0\u00bb:\u00a0\u00bb\u00a0\u00bb,\u00a0\u00bbcontent\u00a0\u00bb:[{\u00ab\u00a0component\u00a0\u00bb:\u00a0\u00bbhc_content_box\u00a0\u00bb,\u00a0\u00bbid\u00a0\u00bb:\u00a0\u00bbazipn\u00a0\u00bb,\u00a0\u00bbcss_classes\u00a0\u00bb:\u00a0\u00bb\u00a0\u00bb,\u00a0\u00bbcustom_css_classes\u00a0\u00bb:\u00a0\u00bb\u00a0\u00bb,\u00a0\u00bbcustom_css_styles\u00a0\u00bb:\u00a0\u00bb\u00a0\u00bb,\u00a0\u00bbimage\u00a0\u00bb:\u00a0\u00bb\u00a0\u00bb,\u00a0\u00bbtitle\u00a0\u00bb:\u00a0\u00bbFacebook\u00a0\u00bb,\u00a0\u00bbicon\u00a0\u00bb:\u00a0\u00bbim-facebook-2&Prime;,\u00a0\u00bbicon_style\u00a0\u00bb:\u00a0\u00bb\u00a0\u00bb,\u00a0\u00bbicon_image\u00a0\u00bb:\u00a0\u00bb\u00a0\u00bb,\u00a0\u00bbbox_style\u00a0\u00bb:\u00a0\u00bbtop_icon\u00a0\u00bb,\u00a0\u00bbboxed\u00a0\u00bb:true,\u00a0\u00bbalignment\u00a0\u00bb:\u00a0\u00bbalign-center\u00a0\u00bb,\u00a0\u00bbtitle_size\u00a0\u00bb:\u00a0\u00bbtext-sm\u00a0\u00bb,\u00a0\u00bbtext_size\u00a0\u00bb:\u00a0\u00bb\u00a0\u00bb,\u00a0\u00bbextra_content\u00a0\u00bb:\u00a0\u00bb\u00a0\u00bb,\u00a0\u00bbalt\u00a0\u00bb:\u00a0\u00bb\u00a0\u00bb,\u00a0\u00bbbutton_text\u00a0\u00bb:\u00a0\u00bb\u00a0\u00bb,\u00a0\u00bbbutton_style\u00a0\u00bb:\u00a0\u00bblink\u00a0\u00bb,\u00a0\u00bbbutton_dimensions\u00a0\u00bb:\u00a0\u00bbbtn-sm\u00a0\u00bb,\u00a0\u00bbbutton_animation\u00a0\u00bb:false,\u00a0\u00bbbutton_icon\u00a0\u00bb:\u00a0\u00bb\u00a0\u00bb,\u00a0\u00bbtext\u00a0\u00bb:\u00a0\u00bb\u00a0\u00bb,\u00a0\u00bblink_type\u00a0\u00bb:\u00a0\u00bbclassic\u00a0\u00bb,\u00a0\u00bblightbox_animation\u00a0\u00bb:\u00a0\u00bb\u00a0\u00bb,\u00a0\u00bbcaption\u00a0\u00bb:\u00a0\u00bb\u00a0\u00bb,\u00a0\u00bbinner_caption\u00a0\u00bb:false,\u00a0\u00bbnew_window\u00a0\u00bb:true,\u00a0\u00bblink\u00a0\u00bb:\u00a0\u00bbhttps:\/\/www.facebook.com\/Urban-Hikefr-Les-Randonn%C3%A9es-Urbaines-de-Marseille-105765087881158&Prime;,\u00a0\u00bblink_content\u00a0\u00bb:[],\u00a0\u00bblightbox_size\u00a0\u00bb:\u00a0\u00bb\u00a0\u00bb,\u00a0\u00bbscrollbox\u00a0\u00bb:false},{\u00ab\u00a0component\u00a0\u00bb:\u00a0\u00bbhc_content_box\u00a0\u00bb,\u00a0\u00bbid\u00a0\u00bb:\u00a0\u00bbCS9wp\u00a0\u00bb,\u00a0\u00bbcss_classes\u00a0\u00bb:\u00a0\u00bbtext-bold \u00ab\u00a0,\u00a0\u00bbcustom_css_classes\u00a0\u00bb:\u00a0\u00bb\u00a0\u00bb,\u00a0\u00bbcustom_css_styles\u00a0\u00bb:\u00a0\u00bb\u00a0\u00bb,\u00a0\u00bbimage\u00a0\u00bb:\u00a0\u00bb\u00a0\u00bb,\u00a0\u00bbtitle\u00a0\u00bb:\u00a0\u00bbInstagram\u00a0\u00bb,\u00a0\u00bbicon\u00a0\u00bb:\u00a0\u00bbim-instagram\u00a0\u00bb,\u00a0\u00bbicon_style\u00a0\u00bb:\u00a0\u00bb\u00a0\u00bb,\u00a0\u00bbicon_image\u00a0\u00bb:\u00a0\u00bb\u00a0\u00bb,\u00a0\u00bbbox_style\u00a0\u00bb:\u00a0\u00bbtop_icon\u00a0\u00bb,\u00a0\u00bbboxed\u00a0\u00bb:true,\u00a0\u00bbalignment\u00a0\u00bb:\u00a0\u00bbalign-center\u00a0\u00bb,\u00a0\u00bbtitle_size\u00a0\u00bb:\u00a0\u00bb\u00a0\u00bb,\u00a0\u00bbtext_size\u00a0\u00bb:\u00a0\u00bb\u00a0\u00bb,\u00a0\u00bbextra_content\u00a0\u00bb:\u00a0\u00bb\u00a0\u00bb,\u00a0\u00bbalt\u00a0\u00bb:\u00a0\u00bb\u00a0\u00bb,\u00a0\u00bbbutton_text\u00a0\u00bb:\u00a0\u00bb\u00a0\u00bb,\u00a0\u00bbbutton_style\u00a0\u00bb:\u00a0\u00bblink\u00a0\u00bb,\u00a0\u00bbbutton_dimensions\u00a0\u00bb:\u00a0\u00bbbtn-lg\u00a0\u00bb,\u00a0\u00bbbutton_animation\u00a0\u00bb:false,\u00a0\u00bbbutton_icon\u00a0\u00bb:\u00a0\u00bb\u00a0\u00bb,\u00a0\u00bbtext\u00a0\u00bb:\u00a0\u00bb\u00a0\u00bb,\u00a0\u00bblink_type\u00a0\u00bb:\u00a0\u00bbclassic\u00a0\u00bb,\u00a0\u00bblightbox_animation\u00a0\u00bb:\u00a0\u00bb\u00a0\u00bb,\u00a0\u00bbcaption\u00a0\u00bb:\u00a0\u00bb\u00a0\u00bb,\u00a0\u00bbinner_caption\u00a0\u00bb:false,\u00a0\u00bbnew_window\u00a0\u00bb:true,\u00a0\u00bblink\u00a0\u00bb:\u00a0\u00bbhttps:\/\/www.instagram.com\/urbanhike_marseille\/\u00a0\u00bb,\u00a0\u00bblink_content\u00a0\u00bb:[],\u00a0\u00bblightbox_size\u00a0\u00bb:\u00a0\u00bb\u00a0\u00bb,\u00a0\u00bbscrollbox\u00a0\u00bb:false},{\u00ab\u00a0component\u00a0\u00bb:\u00a0\u00bbhc_content_box\u00a0\u00bb,\u00a0\u00bbid\u00a0\u00bb:\u00a0\u00bbpZu1c\u00a0\u00bb,\u00a0\u00bbcss_classes\u00a0\u00bb:\u00a0\u00bbtext-bold \u00ab\u00a0,\u00a0\u00bbcustom_css_classes\u00a0\u00bb:\u00a0\u00bb\u00a0\u00bb,\u00a0\u00bbcustom_css_styles\u00a0\u00bb:\u00a0\u00bb\u00a0\u00bb,\u00a0\u00bbimage\u00a0\u00bb:\u00a0\u00bb\u00a0\u00bb,\u00a0\u00bbtitle\u00a0\u00bb:\u00a0\u00bbLinkedin\u00a0\u00bb,\u00a0\u00bbicon\u00a0\u00bb:\u00a0\u00bbim-linkedin-2&Prime;,\u00a0\u00bbicon_style\u00a0\u00bb:\u00a0\u00bb\u00a0\u00bb,\u00a0\u00bbicon_image\u00a0\u00bb:\u00a0\u00bb\u00a0\u00bb,\u00a0\u00bbbox_style\u00a0\u00bb:\u00a0\u00bbtop_icon\u00a0\u00bb,\u00a0\u00bbboxed\u00a0\u00bb:true,\u00a0\u00bbalignment\u00a0\u00bb:\u00a0\u00bbalign-center\u00a0\u00bb,\u00a0\u00bbtitle_size\u00a0\u00bb:\u00a0\u00bb\u00a0\u00bb,\u00a0\u00bbtext_size\u00a0\u00bb:\u00a0\u00bb\u00a0\u00bb,\u00a0\u00bbextra_content\u00a0\u00bb:\u00a0\u00bb\u00a0\u00bb,\u00a0\u00bbalt\u00a0\u00bb:\u00a0\u00bb\u00a0\u00bb,\u00a0\u00bbbutton_text\u00a0\u00bb:\u00a0\u00bb\u00a0\u00bb,\u00a0\u00bbbutton_style\u00a0\u00bb:\u00a0\u00bblink\u00a0\u00bb,\u00a0\u00bbbutton_dimensions\u00a0\u00bb:\u00a0\u00bbbtn-lg\u00a0\u00bb,\u00a0\u00bbbutton_animation\u00a0\u00bb:false,\u00a0\u00bbbutton_icon\u00a0\u00bb:\u00a0\u00bb\u00a0\u00bb,\u00a0\u00bbtext\u00a0\u00bb:\u00a0\u00bb\u00a0\u00bb,\u00a0\u00bblink_type\u00a0\u00bb:\u00a0\u00bbclassic\u00a0\u00bb,\u00a0\u00bblightbox_animation\u00a0\u00bb:\u00a0\u00bb\u00a0\u00bb,\u00a0\u00bbcaption\u00a0\u00bb:\u00a0\u00bb\u00a0\u00bb,\u00a0\u00bbinner_caption\u00a0\u00bb:false,\u00a0\u00bbnew_window\u00a0\u00bb:true,\u00a0\u00bblink\u00a0\u00bb:\u00a0\u00bbhttps:\/\/www.linkedin.com\/in\/olivier-duvallet-39a80a91\/\u00a0\u00bb,\u00a0\u00bblink_content\u00a0\u00bb:[],\u00a0\u00bblightbox_size\u00a0\u00bb:\u00a0\u00bb\u00a0\u00bb,\u00a0\u00bbscrollbox\u00a0\u00bb:false}],\u00a0\u00bbcolumn\u00a0\u00bb:\u00a0\u00bb3&Prime;,\u00a0\u00bbcolumn_lg\u00a0\u00bb:\u00a0\u00bb2&Prime;,\u00a0\u00bbcolumn_md\u00a0\u00bb:\u00a0\u00bb2&Prime;,\u00a0\u00bbcolumn_sm\u00a0\u00bb:\u00a0\u00bb1&Prime;,\u00a0\u00bbmargins\u00a0\u00bb:\u00a0\u00bb\u00a0\u00bb,\u00a0\u00bbpag_type\u00a0\u00bb:\u00a0\u00bb\u00a0\u00bb,\u00a0\u00bbpag_items\u00a0\u00bb:\u00a0\u00bb\u00a0\u00bb,\u00a0\u00bbpag_animation\u00a0\u00bb:\u00a0\u00bb\u00a0\u00bb,\u00a0\u00bbpag_size\u00a0\u00bb:\u00a0\u00bbpagination-lg\u00a0\u00bb,\u00a0\u00bbpag_position\u00a0\u00bb:\u00a0\u00bbalign-center\u00a0\u00bb,\u00a0\u00bblm_lazy\u00a0\u00bb:true,\u00a0\u00bblm_button_text\u00a0\u00bb:\u00a0\u00bb\u00a0\u00bb,\u00a0\u00bbpag_data_options\u00a0\u00bb:\u00a0\u00bbvisiblePages :3,loop:true\u00a0\u00bb},{\u00ab\u00a0component\u00a0\u00bb:\u00a0\u00bbhc_space\u00a0\u00bb,\u00a0\u00bbid\u00a0\u00bb:\u00a0\u00bbhyDiZ\u00a0\u00bb,\u00a0\u00bbcss_classes\u00a0\u00bb:\u00a0\u00bb\u00a0\u00bb,\u00a0\u00bbcustom_css_classes\u00a0\u00bb:\u00a0\u00bb\u00a0\u00bb,\u00a0\u00bbcustom_css_styles\u00a0\u00bb:\u00a0\u00bb\u00a0\u00bb,\u00a0\u00bbsize\u00a0\u00bb:\u00a0\u00bbspace-sm\u00a0\u00bb,\u00a0\u00bbheight\u00a0\u00bb:\u00a0\u00bb\u00a0\u00bb}]}],\u00a0\u00bbsection_settings\u00a0\u00bb:\u00a0\u00bb\u00a0\u00bb},\u00a0\u00bbscripts\u00a0\u00bb:{\u00ab\u00a0parallax\u00a0\u00bb:\u00a0\u00bbparallax.min.js\u00a0\u00bb,\u00a0\u00bbpagination\u00a0\u00bb:\u00a0\u00bbpagination.min.js\u00a0\u00bb,\u00a0\u00bblightbox\u00a0\u00bb:\u00a0\u00bbmagnific-popup.min.js\u00a0\u00bb},\u00a0\u00bbcss\u00a0\u00bb:{\u00ab\u00a0lightbox\u00a0\u00bb:\u00a0\u00bbcss\/magnific-popup.css\u00a0\u00bb,\u00a0\u00bbcontent_box\u00a0\u00bb:\u00a0\u00bbcss\/content-box.css\u00a0\u00bb},\u00a0\u00bbcss_page\u00a0\u00bb:\u00a0\u00bb\u00a0\u00bb,\u00a0\u00bbtemplate_setting\u00a0\u00bb:{},\u00a0\u00bbtemplate_setting_top\u00a0\u00bb:{},\u00a0\u00bbpage_setting\u00a0\u00bb:{\u00ab\u00a0settings\u00a0\u00bb:[\u00ab\u00a0lock-mode-off\u00a0\u00bb]}}<\/p>","protected":false},"excerpt":{"rendered":"<p>Sport, culture &#038; contemplation, pour d\u00e9couvrir la ville autrement<\/p>","protected":false},"author":1,"featured_media":990110416,"parent":0,"menu_order":0,"comment_status":"closed","ping_status":"closed","template":"","meta":{"footnotes":""},"class_list":["post-990107619","page","type-page","status-publish","has-post-thumbnail","hentry"],"yoast_head":"<!-- This site is optimized with the Yoast SEO plugin v26.0 - https:\/\/yoast.com\/wordpress\/plugins\/seo\/ -->\n<title>Merci - Urban Hike, les randonn\u00e9es urbaines - Urban Hike<\/title>\n<meta name=\"robots\" content=\"index, follow, max-snippet:-1, max-image-preview:large, max-video-preview:-1\" \/>\n<link rel=\"canonical\" href=\"https:\/\/urbanhike.fr\/en\/merci\/\" \/>\n<meta property=\"og:locale\" content=\"en_GB\" \/>\n<meta property=\"og:type\" content=\"article\" \/>\n<meta property=\"og:title\" content=\"Merci - Urban Hike, les randonn\u00e9es urbaines - Urban Hike\" \/>\n<meta property=\"og:description\" content=\"Sport, culture &amp; contemplation, pour d\u00e9couvrir la ville autrement\" \/>\n<meta property=\"og:url\" content=\"https:\/\/urbanhike.fr\/en\/merci\/\" \/>\n<meta property=\"og:site_name\" content=\"Urban Hike\" \/>\n<meta property=\"article:publisher\" content=\"https:\/\/www.facebook.com\/UrbanHikeFrance\" \/>\n<meta property=\"article:modified_time\" content=\"2024-11-19T18:19:01+00:00\" \/>\n<meta property=\"og:image\" content=\"https:\/\/urbanhike.fr\/wp-content\/uploads\/2024\/11\/Logo-2024-blanc-et-image-de-fond-2024-scaled.jpg\" \/>\n\t<meta property=\"og:image:width\" content=\"2560\" \/>\n\t<meta property=\"og:image:height\" content=\"1955\" \/>\n\t<meta property=\"og:image:type\" content=\"image\/jpeg\" \/>\n<meta name=\"twitter:card\" content=\"summary_large_image\" \/>\n<meta name=\"twitter:label1\" content=\"Estimated reading time\" \/>\n\t<meta name=\"twitter:data1\" content=\"1 minute\" \/>\n<script type=\"application\/ld+json\" class=\"yoast-schema-graph\">{\"@context\":\"https:\/\/schema.org\",\"@graph\":[{\"@type\":\"WebPage\",\"@id\":\"https:\/\/urbanhike.fr\/merci\/\",\"url\":\"https:\/\/urbanhike.fr\/merci\/\",\"name\":\"Merci - Urban Hike, les randonn\u00e9es urbaines - Urban Hike\",\"isPartOf\":{\"@id\":\"https:\/\/urbanhike.fr\/#website\"},\"primaryImageOfPage\":{\"@id\":\"https:\/\/urbanhike.fr\/merci\/#primaryimage\"},\"image\":{\"@id\":\"https:\/\/urbanhike.fr\/merci\/#primaryimage\"},\"thumbnailUrl\":\"https:\/\/urbanhike.fr\/wp-content\/uploads\/2024\/11\/Logo-2024-blanc-et-image-de-fond-2024-scaled.jpg\",\"datePublished\":\"2021-01-02T22:40:22+00:00\",\"dateModified\":\"2024-11-19T18:19:01+00:00\",\"breadcrumb\":{\"@id\":\"https:\/\/urbanhike.fr\/merci\/#breadcrumb\"},\"inLanguage\":\"en-GB\",\"potentialAction\":[{\"@type\":\"ReadAction\",\"target\":[\"https:\/\/urbanhike.fr\/merci\/\"]}]},{\"@type\":\"ImageObject\",\"inLanguage\":\"en-GB\",\"@id\":\"https:\/\/urbanhike.fr\/merci\/#primaryimage\",\"url\":\"https:\/\/urbanhike.fr\/wp-content\/uploads\/2024\/11\/Logo-2024-blanc-et-image-de-fond-2024-scaled.jpg\",\"contentUrl\":\"https:\/\/urbanhike.fr\/wp-content\/uploads\/2024\/11\/Logo-2024-blanc-et-image-de-fond-2024-scaled.jpg\",\"width\":2560,\"height\":1955},{\"@type\":\"BreadcrumbList\",\"@id\":\"https:\/\/urbanhike.fr\/merci\/#breadcrumb\",\"itemListElement\":[{\"@type\":\"ListItem\",\"position\":1,\"name\":\"Accueil\",\"item\":\"https:\/\/urbanhike.fr\/\"},{\"@type\":\"ListItem\",\"position\":2,\"name\":\"Merci &#8211; Urban Hike, les randonn\u00e9es urbaines\"}]},{\"@type\":\"WebSite\",\"@id\":\"https:\/\/urbanhike.fr\/#website\",\"url\":\"https:\/\/urbanhike.fr\/\",\"name\":\"Urban Hike\",\"description\":\"Les Randonn\u00e9es Urbaines de Marseille\",\"publisher\":{\"@id\":\"https:\/\/urbanhike.fr\/#organization\"},\"potentialAction\":[{\"@type\":\"SearchAction\",\"target\":{\"@type\":\"EntryPoint\",\"urlTemplate\":\"https:\/\/urbanhike.fr\/?s={search_term_string}\"},\"query-input\":{\"@type\":\"PropertyValueSpecification\",\"valueRequired\":true,\"valueName\":\"search_term_string\"}}],\"inLanguage\":\"en-GB\"},{\"@type\":\"Organization\",\"@id\":\"https:\/\/urbanhike.fr\/#organization\",\"name\":\"Urban Hike\",\"url\":\"https:\/\/urbanhike.fr\/\",\"logo\":{\"@type\":\"ImageObject\",\"inLanguage\":\"en-GB\",\"@id\":\"https:\/\/urbanhike.fr\/#\/schema\/logo\/image\/\",\"url\":\"https:\/\/i0.wp.com\/urbanhike.fr\/wp-content\/uploads\/2020\/04\/Logo-2024-blanc-et-image-de-fond-centre-CARRE-COMPRESS.jpg?fit=2300%2C2300&ssl=1\",\"contentUrl\":\"https:\/\/i0.wp.com\/urbanhike.fr\/wp-content\/uploads\/2020\/04\/Logo-2024-blanc-et-image-de-fond-centre-CARRE-COMPRESS.jpg?fit=2300%2C2300&ssl=1\",\"width\":2300,\"height\":2300,\"caption\":\"Urban Hike\"},\"image\":{\"@id\":\"https:\/\/urbanhike.fr\/#\/schema\/logo\/image\/\"},\"sameAs\":[\"https:\/\/www.facebook.com\/UrbanHikeFrance\",\"https:\/\/www.instagram.com\/urbanhike_marseille\/\",\"https:\/\/www.linkedin.com\/in\/olivier-duvallet-39a80a91\/\"]}]}<\/script>\n<!-- \/ Yoast SEO plugin. -->","yoast_head_json":{"title":"Merci - Urban Hike, les randonn\u00e9es urbaines - Urban Hike","robots":{"index":"index","follow":"follow","max-snippet":"max-snippet:-1","max-image-preview":"max-image-preview:large","max-video-preview":"max-video-preview:-1"},"canonical":"https:\/\/urbanhike.fr\/en\/merci\/","og_locale":"en_GB","og_type":"article","og_title":"Merci - Urban Hike, les randonn\u00e9es urbaines - Urban Hike","og_description":"Sport, culture & contemplation, pour d\u00e9couvrir la ville autrement","og_url":"https:\/\/urbanhike.fr\/en\/merci\/","og_site_name":"Urban Hike","article_publisher":"https:\/\/www.facebook.com\/UrbanHikeFrance","article_modified_time":"2024-11-19T18:19:01+00:00","og_image":[{"width":2560,"height":1955,"url":"https:\/\/urbanhike.fr\/wp-content\/uploads\/2024\/11\/Logo-2024-blanc-et-image-de-fond-2024-scaled.jpg","type":"image\/jpeg"}],"twitter_card":"summary_large_image","twitter_misc":{"Estimated reading time":"1 minute"},"schema":{"@context":"https:\/\/schema.org","@graph":[{"@type":"WebPage","@id":"https:\/\/urbanhike.fr\/merci\/","url":"https:\/\/urbanhike.fr\/merci\/","name":"Merci - Urban Hike, les randonn\u00e9es urbaines - Urban Hike","isPartOf":{"@id":"https:\/\/urbanhike.fr\/#website"},"primaryImageOfPage":{"@id":"https:\/\/urbanhike.fr\/merci\/#primaryimage"},"image":{"@id":"https:\/\/urbanhike.fr\/merci\/#primaryimage"},"thumbnailUrl":"https:\/\/urbanhike.fr\/wp-content\/uploads\/2024\/11\/Logo-2024-blanc-et-image-de-fond-2024-scaled.jpg","datePublished":"2021-01-02T22:40:22+00:00","dateModified":"2024-11-19T18:19:01+00:00","breadcrumb":{"@id":"https:\/\/urbanhike.fr\/merci\/#breadcrumb"},"inLanguage":"en-GB","potentialAction":[{"@type":"ReadAction","target":["https:\/\/urbanhike.fr\/merci\/"]}]},{"@type":"ImageObject","inLanguage":"en-GB","@id":"https:\/\/urbanhike.fr\/merci\/#primaryimage","url":"https:\/\/urbanhike.fr\/wp-content\/uploads\/2024\/11\/Logo-2024-blanc-et-image-de-fond-2024-scaled.jpg","contentUrl":"https:\/\/urbanhike.fr\/wp-content\/uploads\/2024\/11\/Logo-2024-blanc-et-image-de-fond-2024-scaled.jpg","width":2560,"height":1955},{"@type":"BreadcrumbList","@id":"https:\/\/urbanhike.fr\/merci\/#breadcrumb","itemListElement":[{"@type":"ListItem","position":1,"name":"Accueil","item":"https:\/\/urbanhike.fr\/"},{"@type":"ListItem","position":2,"name":"Merci &#8211; Urban Hike, les randonn\u00e9es urbaines"}]},{"@type":"WebSite","@id":"https:\/\/urbanhike.fr\/#website","url":"https:\/\/urbanhike.fr\/","name":"Urban Hike","description":"Les Randonn\u00e9es Urbaines de Marseille","publisher":{"@id":"https:\/\/urbanhike.fr\/#organization"},"potentialAction":[{"@type":"SearchAction","target":{"@type":"EntryPoint","urlTemplate":"https:\/\/urbanhike.fr\/?s={search_term_string}"},"query-input":{"@type":"PropertyValueSpecification","valueRequired":true,"valueName":"search_term_string"}}],"inLanguage":"en-GB"},{"@type":"Organization","@id":"https:\/\/urbanhike.fr\/#organization","name":"Urban Hike","url":"https:\/\/urbanhike.fr\/","logo":{"@type":"ImageObject","inLanguage":"en-GB","@id":"https:\/\/urbanhike.fr\/#\/schema\/logo\/image\/","url":"https:\/\/i0.wp.com\/urbanhike.fr\/wp-content\/uploads\/2020\/04\/Logo-2024-blanc-et-image-de-fond-centre-CARRE-COMPRESS.jpg?fit=2300%2C2300&ssl=1","contentUrl":"https:\/\/i0.wp.com\/urbanhike.fr\/wp-content\/uploads\/2020\/04\/Logo-2024-blanc-et-image-de-fond-centre-CARRE-COMPRESS.jpg?fit=2300%2C2300&ssl=1","width":2300,"height":2300,"caption":"Urban Hike"},"image":{"@id":"https:\/\/urbanhike.fr\/#\/schema\/logo\/image\/"},"sameAs":["https:\/\/www.facebook.com\/UrbanHikeFrance","https:\/\/www.instagram.com\/urbanhike_marseille\/","https:\/\/www.linkedin.com\/in\/olivier-duvallet-39a80a91\/"]}]}},"_links":{"self":[{"href":"https:\/\/urbanhike.fr\/en\/wp-json\/wp\/v2\/pages\/990107619","targetHints":{"allow":["GET"]}}],"collection":[{"href":"https:\/\/urbanhike.fr\/en\/wp-json\/wp\/v2\/pages"}],"about":[{"href":"https:\/\/urbanhike.fr\/en\/wp-json\/wp\/v2\/types\/page"}],"author":[{"embeddable":true,"href":"https:\/\/urbanhike.fr\/en\/wp-json\/wp\/v2\/users\/1"}],"replies":[{"embeddable":true,"href":"https:\/\/urbanhike.fr\/en\/wp-json\/wp\/v2\/comments?post=990107619"}],"version-history":[{"count":20,"href":"https:\/\/urbanhike.fr\/en\/wp-json\/wp\/v2\/pages\/990107619\/revisions"}],"predecessor-version":[{"id":990110105,"href":"https:\/\/urbanhike.fr\/en\/wp-json\/wp\/v2\/pages\/990107619\/revisions\/990110105"}],"wp:featuredmedia":[{"embeddable":true,"href":"https:\/\/urbanhike.fr\/en\/wp-json\/wp\/v2\/media\/990110416"}],"wp:attachment":[{"href":"https:\/\/urbanhike.fr\/en\/wp-json\/wp\/v2\/media?parent=990107619"}],"curies":[{"name":"wp","href":"https:\/\/api.w.org\/{rel}","templated":true}]}}